{"id":8424,"date":"2017-11-15T20:39:30","date_gmt":"2017-11-16T01:39:30","guid":{"rendered":"https:\/\/socialwebstudio.ca\/?page_id=8424"},"modified":"2023-10-07T09:47:23","modified_gmt":"2023-10-07T14:47:23","slug":"professional-livestreaming-services","status":"publish","type":"page","link":"https:\/\/socialwebstudio.ca\/en\/services\/professional-livestreaming-services\/","title":{"rendered":"Live video content production"},"content":{"rendered":"<h2><strong>VIDEO CONTENT PRODUCTION, FACEBOOK LIVE AND LIVE YOUTUBE<\/strong><\/h2>\n<p>First of all, you need to know that Facebook LIVE lets you broadcast live video content from your company Facebook page, or from a private or public Facebook group. With Social Web&#8217;s live broadcasting service, your company benefits from professional HD (1080p) broadcasts and can count on the services of experienced community managers to animate your live show!<\/p>\n<p>Whether it&#8217;s for a simple one-camera broadcast or a large-scale event requiring several cameras, Social Web, in collaboration with Cin\u00e9quinox, gives you access to this new broadcast medium in a professional, worry-free, 100% turnkey way!<\/p>\n<h3>MANY REASONS TO USE LIVE VIDEO<\/h3>\n<ul>\n<li>To increase engagement on your page<\/li>\n<li>To help you get your message across more effectively<\/li>\n<li>Set yourself apart from the competition<\/li>\n<li>Develop ties with your community<\/li>\n<\/ul>\n<h3>FACEBOOK LIVE, THE IDEAL SERVICE FOR :<\/h3>\n<ul>\n<li>Product launch<\/li>\n<li>Press Conference<\/li>\n<li>Behind the scene streaming<\/li>\n<li>Tutorials live streaming<\/li>\n<li>Live interviews<\/li>\n<li>Corporative Events<\/li>\n<li>And any other concept, indoors or out!<\/li>\n<\/ul>\n<h3>Our live streaming video service :<\/h3>\n<ul>\n<li>Live broadcast technician and camera operator<\/li>\n<li>Pre-production for various tests<\/li>\n<li>Live broadcast including video and audio<\/li>\n<li>All technical equipment required for live broadcasts<\/li>\n<li>1 transmitter, 1 receiver and 1 video encoder<\/li>\n<li>Live streaming for 1 or 2 Facebook Pages<\/li>\n<li>Community management to stimulate participation<\/li>\n<li>Post-production service (for extracts of the best moments of your live show)<\/li>\n<\/ul>\n<p><strong>We also offer you the possibility of integrating your logo, or that of a sponsor, into your live broadcast!&nbsp;<\/strong><\/p>\n<p>Contact us to reserve your dates and get your personalized quote!<\/p>\n\n<div class=\"wpcf7 no-js\" id=\"wpcf7-f9195-o1\" lang=\"en-US\" dir=\"ltr\">\n<div class=\"screen-reader-response\"><p role=\"status\" aria-live=\"polite\" aria-atomic=\"true\"><\/p> <ul><\/ul><\/div>\n<form action=\"\/en\/wp-json\/wp\/v2\/pages\/8424#wpcf7-f9195-o1\" method=\"post\" class=\"wpcf7-form init\" aria-label=\"Contact form\" novalidate=\"novalidate\" data-status=\"init\">\n<div style=\"display: none;\">\n<input type=\"hidden\" name=\"_wpcf7\" value=\"9195\" \/>\n<input type=\"hidden\" name=\"_wpcf7_version\" value=\"5.8.4\" \/>\n<input type=\"hidden\" name=\"_wpcf7_locale\" value=\"en_US\" \/>\n<input type=\"hidden\" name=\"_wpcf7_unit_tag\" value=\"wpcf7-f9195-o1\" \/>\n<input type=\"hidden\" name=\"_wpcf7_container_post\" value=\"0\" \/>\n<input type=\"hidden\" name=\"_wpcf7_posted_data_hash\" value=\"\" \/>\n<\/div>\n<p><span class=\"wpcf7-form-control-wrap\" data-name=\"contact_name\"><input size=\"40\" class=\"wpcf7-form-control wpcf7-text wpcf7-validates-as-required\" aria-required=\"true\" aria-invalid=\"false\" placeholder=\"Nom :\" value=\"\" type=\"text\" name=\"contact_name\" \/><\/span>\n<\/p>\n<p><span class=\"wpcf7-form-control-wrap\" data-name=\"contact_business\"><input size=\"40\" class=\"wpcf7-form-control wpcf7-text wpcf7-validates-as-required\" aria-required=\"true\" aria-invalid=\"false\" placeholder=\"Entreprise :\" value=\"\" type=\"text\" name=\"contact_business\" \/><\/span>\n<\/p>\n<p><span class=\"wpcf7-form-control-wrap\" data-name=\"contact_email\"><input size=\"40\" class=\"wpcf7-form-control wpcf7-email wpcf7-validates-as-required wpcf7-text wpcf7-validates-as-email\" aria-required=\"true\" aria-invalid=\"false\" placeholder=\"Courriel :\" value=\"\" type=\"email\" name=\"contact_email\" \/><\/span>\n<\/p>\n<p><span class=\"wpcf7-form-control-wrap\" data-name=\"contact_phone\"><input size=\"40\" class=\"wpcf7-form-control wpcf7-tel wpcf7-validates-as-required wpcf7-text wpcf7-validates-as-tel\" aria-required=\"true\" aria-invalid=\"false\" placeholder=\"T\u00e9l\u00e9phone :\" value=\"\" type=\"tel\" name=\"contact_phone\" \/><\/span>\n<\/p>\n<p><span class=\"wpcf7-form-control-wrap\" data-name=\"text-budget\"><input size=\"40\" class=\"wpcf7-form-control wpcf7-text\" aria-invalid=\"false\" placeholder=\"Budget :\" value=\"\" type=\"text\" name=\"text-budget\" \/><\/span>\n<\/p>\n<p><span class=\"wpcf7-form-control-wrap\" data-name=\"date\"><input class=\"wpcf7-form-control wpcf7-date wpcf7-validates-as-date\" aria-invalid=\"false\" value=\"\" type=\"date\" name=\"date\" \/><\/span>\n<\/p>\n<p><span class=\"wpcf7-form-control-wrap\" data-name=\"checkbox-858\"><span class=\"wpcf7-form-control wpcf7-checkbox wpcf7-validates-as-required\"><span class=\"wpcf7-list-item first\"><input type=\"checkbox\" name=\"checkbox-858[]\" value=\"Festival\" \/><span class=\"wpcf7-list-item-label\">Festival<\/span><\/span><span class=\"wpcf7-list-item\"><input type=\"checkbox\" name=\"checkbox-858[]\" value=\"Salon ou Foire\" \/><span class=\"wpcf7-list-item-label\">Salon ou Foire<\/span><\/span><span class=\"wpcf7-list-item\"><input type=\"checkbox\" name=\"checkbox-858[]\" value=\"Conf\u00e9rence de presse\" \/><span class=\"wpcf7-list-item-label\">Conf\u00e9rence de presse<\/span><\/span><span class=\"wpcf7-list-item\"><input type=\"checkbox\" name=\"checkbox-858[]\" value=\"Lancement de produit\" \/><span class=\"wpcf7-list-item-label\">Lancement de produit<\/span><\/span><span class=\"wpcf7-list-item\"><input type=\"checkbox\" name=\"checkbox-858[]\" value=\"\u00c9v\u00e9nement corporatif\" \/><span class=\"wpcf7-list-item-label\">\u00c9v\u00e9nement corporatif<\/span><\/span><span class=\"wpcf7-list-item last\"><input type=\"checkbox\" name=\"checkbox-858[]\" value=\"Autre\" \/><span class=\"wpcf7-list-item-label\">Autre<\/span><\/span><\/span><\/span>\n<\/p>\n<p class=\"full-width text-area\"><span class=\"wpcf7-form-control-wrap\" data-name=\"contact_message\"><textarea cols=\"40\" rows=\"6\" class=\"wpcf7-form-control wpcf7-textarea\" aria-invalid=\"false\" placeholder=\"D\u00e9tails du projet ou de l&#039;\u00e9v\u00e9nement :\" name=\"contact_message\"><\/textarea><\/span>\n<\/p>\n<p>Image de s\u00e9curit\u00e9 : <input type=\"hidden\" name=\"_wpcf7_captcha_challenge_code-securite\" value=\"941862720\" \/><img loading=\"lazy\" decoding=\"async\" class=\"wpcf7-form-control wpcf7-captchac wpcf7-captcha-code-securite\" width=\"72\" height=\"24\" alt=\"captcha\" src=\"https:\/\/socialwebstudio.ca\/wp-content\/uploads\/wpcf7_captcha\/941862720.png\" title=\"\">\n<\/p>\n<p>Saisir l'image de s\u00e9curit\u00e9 ici : <span class=\"wpcf7-form-control-wrap\" data-name=\"code-securite\"><input size=\"40\" class=\"wpcf7-form-control wpcf7-captchar\" autocomplete=\"off\" aria-invalid=\"false\" value=\"\" type=\"text\" name=\"code-securite\" \/><\/span>\n<\/p>\n<p class=\"full-width\"><input class=\"wpcf7-form-control wpcf7-submit has-spinner button large default\" type=\"submit\" value=\"Envoyer\" \/>\n<\/p>\n<div class=\"clear\">\n<\/div><div class=\"wpcf7-response-output\" aria-hidden=\"true\"><\/div>\n<\/form>\n<\/div>\n\n","protected":false},"excerpt":{"rendered":"<p>VIDEO CONTENT PRODUCTION, FACEBOOK LIVE AND LIVE YOUTUBE First of all, you need to know that Facebook LIVE lets you broadcast live video content from your company Facebook page, or from a private or public Facebook group. With Social Web&#8217;s live broadcasting service, your company benefits from professional HD (1080p) broadcasts and can count on [&hellip;]<\/p>\n","protected":false},"author":3,"featured_media":11126,"parent":7148,"menu_order":0,"comment_status":"closed","ping_status":"closed","template":"","meta":{"footnotes":""},"acf":[],"_links":{"self":[{"href":"https:\/\/socialwebstudio.ca\/en\/wp-json\/wp\/v2\/pages\/8424"}],"collection":[{"href":"https:\/\/socialwebstudio.ca\/en\/wp-json\/wp\/v2\/pages"}],"about":[{"href":"https:\/\/socialwebstudio.ca\/en\/wp-json\/wp\/v2\/types\/page"}],"author":[{"embeddable":true,"href":"https:\/\/socialwebstudio.ca\/en\/wp-json\/wp\/v2\/users\/3"}],"replies":[{"embeddable":true,"href":"https:\/\/socialwebstudio.ca\/en\/wp-json\/wp\/v2\/comments?post=8424"}],"version-history":[{"count":7,"href":"https:\/\/socialwebstudio.ca\/en\/wp-json\/wp\/v2\/pages\/8424\/revisions"}],"predecessor-version":[{"id":11406,"href":"https:\/\/socialwebstudio.ca\/en\/wp-json\/wp\/v2\/pages\/8424\/revisions\/11406"}],"up":[{"embeddable":true,"href":"https:\/\/socialwebstudio.ca\/en\/wp-json\/wp\/v2\/pages\/7148"}],"wp:featuredmedia":[{"embeddable":true,"href":"https:\/\/socialwebstudio.ca\/en\/wp-json\/wp\/v2\/media\/11126"}],"wp:attachment":[{"href":"https:\/\/socialwebstudio.ca\/en\/wp-json\/wp\/v2\/media?parent=8424"}],"curies":[{"name":"wp","href":"https:\/\/api.w.org\/{rel}","templated":true}]}}