{"id":6222,"date":"2014-08-11T22:29:36","date_gmt":"2014-08-11T22:29:36","guid":{"rendered":"https:\/\/socialwebstudio.ca\/?page_id=6222"},"modified":"2024-08-12T16:20:01","modified_gmt":"2024-08-12T21:20:01","slug":"home-5","status":"publish","type":"page","link":"https:\/\/socialwebstudio.ca\/en\/","title":{"rendered":"Digital content production &amp; social media"},"content":{"rendered":"\n<h1 class=\"wp-block-heading\">Production de contenu num\u00e9rique &amp; m\u00e9dias sociaux<\/h1>\n\n\n\n<h2 class=\"wp-block-heading\">Un seul endroit pour tous vos besoins touchant le marketing digital et la production de contenus pour le web, le e-commerce et les m\u00e9dias sociaux.<\/h2>\n\n\n\n<p>Social Web est votre studio pour tous vos besoins en production de contenu num\u00e9rique et de strat\u00e9gies adapt\u00e9s au web et aux m\u00e9dias sociaux. Nos services inclus l&#8217;id\u00e9ation de strat\u00e9gies adapt\u00e9es \u00e0 votre marque, la gestion de communaut\u00e9, la cr\u00e9ation de contenu marketing, de sites web Shopify\/Wix\/SquareSpace ainsi que la production de contenu vid\u00e9o et la diffusion en direct sur Facebook et You Tube.<\/p>\n","protected":false},"excerpt":{"rendered":"<p>A one-stop shop for all your digital marketing and content production needs for the web, e-commerce and social media.<\/p>\n","protected":false},"author":4,"featured_media":10178,"parent":0,"menu_order":6,"comment_status":"open","ping_status":"closed","template":"template-single-page-site.php","meta":{"footnotes":""},"acf":[],"_links":{"self":[{"href":"https:\/\/socialwebstudio.ca\/en\/wp-json\/wp\/v2\/pages\/6222"}],"collection":[{"href":"https:\/\/socialwebstudio.ca\/en\/wp-json\/wp\/v2\/pages"}],"about":[{"href":"https:\/\/socialwebstudio.ca\/en\/wp-json\/wp\/v2\/types\/page"}],"author":[{"embeddable":true,"href":"https:\/\/socialwebstudio.ca\/en\/wp-json\/wp\/v2\/users\/4"}],"replies":[{"embeddable":true,"href":"https:\/\/socialwebstudio.ca\/en\/wp-json\/wp\/v2\/comments?post=6222"}],"version-history":[{"count":8,"href":"https:\/\/socialwebstudio.ca\/en\/wp-json\/wp\/v2\/pages\/6222\/revisions"}],"predecessor-version":[{"id":11456,"href":"https:\/\/socialwebstudio.ca\/en\/wp-json\/wp\/v2\/pages\/6222\/revisions\/11456"}],"wp:featuredmedia":[{"embeddable":true,"href":"https:\/\/socialwebstudio.ca\/en\/wp-json\/wp\/v2\/media\/10178"}],"wp:attachment":[{"href":"https:\/\/socialwebstudio.ca\/en\/wp-json\/wp\/v2\/media?parent=6222"}],"curies":[{"name":"wp","href":"https:\/\/api.w.org\/{rel}","templated":true}]}}