{"id":10448,"date":"2023-07-22T10:35:55","date_gmt":"2023-07-22T15:35:55","guid":{"rendered":"https:\/\/socialwebstudio.ca\/?page_id=10448"},"modified":"2024-08-13T12:31:15","modified_gmt":"2024-08-13T17:31:15","slug":"isabelle-vallee-digital-content-producer-and-strategist","status":"publish","type":"page","link":"https:\/\/socialwebstudio.ca\/en\/isabelle-vallee-digital-content-producer-and-strategist\/","title":{"rendered":"Isabelle Vall\u00e9e &#8211; Digital Content Producer and Web Strategist"},"content":{"rendered":"\n<div style=\"height:19px\" aria-hidden=\"true\" class=\"wp-block-spacer\"><\/div>\n\n\n<div class=\"wp-block-image\">\n<figure class=\"aligncenter size-large\"><img loading=\"lazy\" decoding=\"async\" width=\"683\" height=\"1024\" src=\"https:\/\/socialwebstudio.ca\/wp-content\/uploads\/2013\/12\/Isabelle-Vallee_Productrice-Realisatrice_Credit_Ermenegildo-Conte-Cinequinox-683x1024.jpg\" alt=\"\" class=\"wp-image-11140\" title=\"\" srcset=\"https:\/\/socialwebstudio.ca\/wp-content\/uploads\/2013\/12\/Isabelle-Vallee_Productrice-Realisatrice_Credit_Ermenegildo-Conte-Cinequinox-683x1024.jpg 683w, https:\/\/socialwebstudio.ca\/wp-content\/uploads\/2013\/12\/Isabelle-Vallee_Productrice-Realisatrice_Credit_Ermenegildo-Conte-Cinequinox-200x300.jpg 200w, https:\/\/socialwebstudio.ca\/wp-content\/uploads\/2013\/12\/Isabelle-Vallee_Productrice-Realisatrice_Credit_Ermenegildo-Conte-Cinequinox-768x1152.jpg 768w, https:\/\/socialwebstudio.ca\/wp-content\/uploads\/2013\/12\/Isabelle-Vallee_Productrice-Realisatrice_Credit_Ermenegildo-Conte-Cinequinox.jpg 1365w\" sizes=\"(max-width: 683px) 100vw, 683px\" \/><\/figure><\/div>\n\n<h2>Isabelle Vall\u00e9e &#8211; Digital content producer and web series producer<\/h2>\n<p>A graduate of Universit\u00e9 de Montr\u00e9al&#8217;s communications program, Isabelle worked for over 7 years in Montreal&#8217;s cultural milieu as marketing director for some of Canada&#8217;s biggest fashion events. Following the completion of numerous projects, in 2011 she launched her company Social Web, specializing in digital content strategy and production<\/p>\n<p>Over time, she has developed a rare expertise combining strategy, branding, marketing digital content\u00a0 and social media to offer her clients<\/p>\n<p>A graduate of Universit\u00e9 de Montr\u00e9al&#8217;s communications program, Isabelle worked for over 7 years in Montreal&#8217;s cultural milieu as marketing director for some of Canada&#8217;s biggest fashion events (Montreal Fashion Week, Festival Mode &amp; Design).<\/p>\n<p>Following the completion of numerous projects, in 2011 she launched her company Social Web, specializing in strategy, digital content production and community management.<\/p>\n<p>Since then, she has carried out numerous mandates to help local businesses define their online presence and digital content strategy (Place Ville Marie, Ville de Pointe-Claire, SDC du Vieux-Montr\u00e9al, MRC Rivi\u00e8re-du-Nord, Mus\u00e9e Pointe-\u00e0-Calli\u00e8re, Technostrobe, Village des Valeurs, Coll\u00e8ge Letendre, etc.).<\/p>\n<h3>Branding and online store<\/h3>\n<p>She has also helped a number of fine Quebec companies develop their online stores (MUJO, JudyDesign, Art Mural par Pr\u00e9sentation Design, Phytolab, Cr\u00e9ation Delicia, Croisi\u00e8re Montr\u00e9al), and assisted several SMEs in renewing their brand image and optimizing their web presence (Technostrobe, Semis Urbains, Grand Potager de Verdun, CTA Sherbrooke).<\/p>\n<p>She is also founder, writer and producer of the cultural blog lesbonsplans.ca, and has carried out numerous projects with tourism associations such as Tourisme Laval, Tourisme Basses-Laurentides, Tourisme Laurentides and Tourisme des Moulins, as well as collaborating with numerous festivals, cultural events and agritourism businesses.<\/p>\n<h3>Community management and digital campaigns<\/h3>\n<p>With her expertise in event marketing, she has also helped numerous event producers manage their community and create their digital campaigns: Place Ville Marie, Fondation St-Hubert, Festival Laval en rires, Festival de la galette et des saveurs, Festival Diapason, Festival Mode &amp; Design, FestivalOp\u00e9ra des Grandes Laurentides and many others.<\/p>\n<h3>Video production and web series<\/h3>\n<p>Thanks to her expertise in video production, she has also directed and produced (and sometimes even hosted) several web series, including &#8220;Portraits de chefs&#8221; and &#8220;Portraits gourmands&#8221; developed for <strong>Tourisme Laval<\/strong> and <strong>TEDX Laval<\/strong>, as well as directing several commercials for cinema, including for Boutiques Griffon and the City of Blainville.<\/p>\n<p>With her business partner Ermenegildo Conte of Cinequinox, Isabelle was also a pioneer in developing live broadcasting services on Facebook, collaborating on the production of interview series with Magazine V\u00e9ro and ensuring the broadcast and production of live content for several events.<\/p>\n<p>Over time, Isabelle has developed a rare expertise combining strategy, branding, digital marketing and social media to offer her customers the latest in content marketing. She has also surrounded herself with skilled professionals to offer her clients the very latest in content marketing.<\/p>\n<h3>Cultural involvement<\/h3>\n<p>Isabelle is also founder, editor and producer of the cultural blog <a href=\"https:\/\/www.lesbonsplans.ca\/\" target=\"_blank\" rel=\"noopener\">lesbonsplans.ca<\/a>, and has worked on numerous projects with tourism associations such as Tourisme Laval, Tourisme Basses-Laurentides, Tourisme Laurentides and Tourisme des Moulins, as well as collaborating with numerous festivals, cultural events and agrotourism businesses.<\/p>\n<p>Do you have a concept or an idea for a web series you&#8217;d like to develop, or would you rather benefit from strategic coaching to define or launch your online brand?<\/p>\n<p>Contact Isabelle and her team!<\/p>\n<p><strong>Book your FREE 30-minute session to discuss your needs and projects!<\/strong><\/p>\n\n\n<div style=\"height:18px\" aria-hidden=\"true\" class=\"wp-block-spacer\"><\/div>\n\n\n<a class=\"button  bleu square\" href=\"https:\/\/calendly.com\/vallee-isabelle\/30min?month=2024-08\" target=\"_self\" rel=\"noopener\">Book your FREE 30 minutes meeting!<\/a>\n","protected":false},"excerpt":{"rendered":"<p>Isabelle Vall\u00e9e &#8211; Digital content producer and strategist. Founding president of Social Web.<\/p>\n","protected":false},"author":3,"featured_media":0,"parent":0,"menu_order":0,"comment_status":"closed","ping_status":"closed","template":"","meta":{"footnotes":""},"acf":[],"_links":{"self":[{"href":"https:\/\/socialwebstudio.ca\/en\/wp-json\/wp\/v2\/pages\/10448"}],"collection":[{"href":"https:\/\/socialwebstudio.ca\/en\/wp-json\/wp\/v2\/pages"}],"about":[{"href":"https:\/\/socialwebstudio.ca\/en\/wp-json\/wp\/v2\/types\/page"}],"author":[{"embeddable":true,"href":"https:\/\/socialwebstudio.ca\/en\/wp-json\/wp\/v2\/users\/3"}],"replies":[{"embeddable":true,"href":"https:\/\/socialwebstudio.ca\/en\/wp-json\/wp\/v2\/comments?post=10448"}],"version-history":[{"count":9,"href":"https:\/\/socialwebstudio.ca\/en\/wp-json\/wp\/v2\/pages\/10448\/revisions"}],"predecessor-version":[{"id":11590,"href":"https:\/\/socialwebstudio.ca\/en\/wp-json\/wp\/v2\/pages\/10448\/revisions\/11590"}],"wp:attachment":[{"href":"https:\/\/socialwebstudio.ca\/en\/wp-json\/wp\/v2\/media?parent=10448"}],"curies":[{"name":"wp","href":"https:\/\/api.w.org\/{rel}","templated":true}]}}